{"id":4,"date":"2023-02-22T14:15:19","date_gmt":"2023-02-22T14:15:19","guid":{"rendered":"https:\/\/hardegser-stadtgefluester.de\/?page_id=4"},"modified":"2026-01-02T15:02:59","modified_gmt":"2026-01-02T15:02:59","slug":"willkommen-auf-https-hardegser-stadtgefluester-de","status":"publish","type":"page","link":"https:\/\/hardegser-stadtgefluester.de\/","title":{"rendered":"Startseite"},"content":{"rendered":"\t\t<div data-elementor-type=\"wp-page\" data-elementor-id=\"4\" class=\"elementor elementor-4\" data-elementor-post-type=\"page\">\n\t\t\t\t\t\t<section class=\"elementor-section elementor-top-section elementor-element elementor-element-6a429d2 elementor-section-boxed elementor-section-height-default elementor-section-height-default\" data-id=\"6a429d2\" data-element_type=\"section\" data-e-type=\"section\" data-settings=\"{&quot;jet_parallax_layout_list&quot;:[]}\">\n\t\t\t\t\t\t<div class=\"elementor-container elementor-column-gap-default\">\n\t\t\t\t\t<div class=\"elementor-column elementor-col-100 elementor-top-column elementor-element elementor-element-d3f1d6e\" data-id=\"d3f1d6e\" data-element_type=\"column\" data-e-type=\"column\">\n\t\t\t<div class=\"elementor-widget-wrap elementor-element-populated\">\n\t\t\t\t\t\t<div class=\"elementor-element elementor-element-2305f43 elementor-widget elementor-widget-image\" data-id=\"2305f43\" data-element_type=\"widget\" data-e-type=\"widget\" data-widget_type=\"image.default\">\n\t\t\t\t<div class=\"elementor-widget-container\">\n\t\t\t\t\t\t\t\t\t\t\t\t\t\t\t<img decoding=\"async\" src=\"https:\/\/hardegser-stadtgefluester.de\/wp-content\/uploads\/2023\/10\/Titel-Stadtgefluester.png\" title=\"Titel Stadtgefl\u00fcster\" alt=\"Titel Stadtgefl\u00fcster\" loading=\"lazy\" \/>\t\t\t\t\t\t\t\t\t\t\t\t\t\t\t<\/div>\n\t\t\t\t<\/div>\n\t\t\t\t\t<\/div>\n\t\t<\/div>\n\t\t\t\t\t<\/div>\n\t\t<\/section>\n\t\t\t\t<section class=\"elementor-section elementor-top-section elementor-element elementor-element-9ea7a9a elementor-section-boxed elementor-section-height-default elementor-section-height-default\" data-id=\"9ea7a9a\" data-element_type=\"section\" data-e-type=\"section\" data-settings=\"{&quot;jet_parallax_layout_list&quot;:[]}\">\n\t\t\t\t\t\t<div class=\"elementor-container elementor-column-gap-default\">\n\t\t\t\t\t<div class=\"elementor-column elementor-col-100 elementor-top-column elementor-element elementor-element-f98cf2d\" data-id=\"f98cf2d\" data-element_type=\"column\" data-e-type=\"column\">\n\t\t\t<div class=\"elementor-widget-wrap elementor-element-populated\">\n\t\t\t\t\t\t<div class=\"elementor-element elementor-element-ee6ce87 elementor-widget elementor-widget-heading\" data-id=\"ee6ce87\" data-element_type=\"widget\" data-e-type=\"widget\" data-widget_type=\"heading.default\">\n\t\t\t\t<div class=\"elementor-widget-container\">\n\t\t\t\t\t<h2 class=\"elementor-heading-title elementor-size-default\">Herzlich Willkommen...<\/h2>\t\t\t\t<\/div>\n\t\t\t\t<\/div>\n\t\t\t\t\t<\/div>\n\t\t<\/div>\n\t\t\t\t\t<\/div>\n\t\t<\/section>\n\t\t\t\t<section class=\"elementor-section elementor-top-section elementor-element elementor-element-3c1ea31 elementor-section-boxed elementor-section-height-default elementor-section-height-default\" data-id=\"3c1ea31\" data-element_type=\"section\" data-e-type=\"section\" data-settings=\"{&quot;jet_parallax_layout_list&quot;:[]}\">\n\t\t\t\t\t\t<div class=\"elementor-container elementor-column-gap-default\">\n\t\t\t\t\t<div class=\"elementor-column elementor-col-100 elementor-top-column elementor-element elementor-element-50687b6\" data-id=\"50687b6\" data-element_type=\"column\" data-e-type=\"column\">\n\t\t\t<div class=\"elementor-widget-wrap elementor-element-populated\">\n\t\t\t\t\t\t<div class=\"elementor-element elementor-element-76bc917 elementor-widget elementor-widget-text-editor\" data-id=\"76bc917\" data-element_type=\"widget\" data-e-type=\"widget\" data-widget_type=\"text-editor.default\">\n\t\t\t\t<div class=\"elementor-widget-container\">\n\t\t\t\t\t\t\t\t\t<p>&#8230;auf der Website des &#8222;Hardegser Stadtgefl\u00fcster&#8220;. Wir w\u00fcnschen Ihnen viel Spa\u00df beim St\u00f6bern in der aktuellen Ausgabe und in den Archivexemplaren.<\/p>\n<p><\/p>\t\t\t\t\t\t\t\t<\/div>\n\t\t\t\t<\/div>\n\t\t\t\t\t<\/div>\n\t\t<\/div>\n\t\t\t\t\t<\/div>\n\t\t<\/section>\n\t\t\t\t<section class=\"elementor-section elementor-top-section elementor-element elementor-element-43a394d elementor-section-content-middle elementor-section-boxed elementor-section-height-default elementor-section-height-default\" data-id=\"43a394d\" data-element_type=\"section\" data-e-type=\"section\" data-settings=\"{&quot;jet_parallax_layout_list&quot;:[]}\">\n\t\t\t\t\t\t<div class=\"elementor-container elementor-column-gap-default\">\n\t\t\t\t\t<div class=\"elementor-column elementor-col-100 elementor-top-column elementor-element elementor-element-76558a7\" data-id=\"76558a7\" data-element_type=\"column\" data-e-type=\"column\">\n\t\t\t<div class=\"elementor-widget-wrap elementor-element-populated\">\n\t\t\t\t\t\t<div class=\"elementor-element elementor-element-0ae2858 elementor-widget elementor-widget-jet-mega-menu\" data-id=\"0ae2858\" data-element_type=\"widget\" data-e-type=\"widget\" data-widget_type=\"jet-mega-menu.default\">\n\t\t\t\t<div class=\"elementor-widget-container\">\n\t\t\t\t\t<div class=\"jet-mega-menu jet-mega-menu--layout-horizontal jet-mega-menu--sub-position-right jet-mega-menu--dropdown-layout-default jet-mega-menu--dropdown-position-right jet-mega-menu--animation-fade jet-mega-menu--location-elementor    jet-mega-menu--fill-svg-icons\" data-settings='{\"menuId\":\"2\",\"menuUniqId\":\"69e20633d7b64\",\"rollUp\":false,\"megaAjaxLoad\":false,\"layout\":\"horizontal\",\"subEvent\":\"hover\",\"subCloseBehavior\":\"mouseleave\",\"mouseLeaveDelay\":500,\"subTrigger\":\"item\",\"subPosition\":\"right\",\"megaWidthType\":\"container\",\"megaWidthSelector\":\"\",\"breakpoint\":768,\"signatures\":[]}'><div class=\"jet-mega-menu-toggle\" role=\"button\" tabindex=\"0\" aria-label=\"Open\/Close Menu\"><div class=\"jet-mega-menu-toggle-icon jet-mega-menu-toggle-icon--default-state\"><i class=\"fas fa-bars\"><\/i><\/div><div class=\"jet-mega-menu-toggle-icon jet-mega-menu-toggle-icon--opened-state\"><i class=\"fas fa-times\"><\/i><\/div><\/div><nav class=\"jet-mega-menu-container\" aria-label=\"Main nav\"><ul class=\"jet-mega-menu-list\"><li id=\"jet-mega-menu-item-249\" class=\"jet-mega-menu-item jet-mega-menu-item-type-post_type jet-mega-menu-item-object-page jet-mega-menu-item--default jet-mega-menu-item--top-level jet-mega-menu-item-249\"><div class=\"jet-mega-menu-item__inner\"><a href=\"https:\/\/hardegser-stadtgefluester.de\/?page_id=232\" class=\"jet-mega-menu-item__link jet-mega-menu-item__link--top-level\"><div class=\"jet-mega-menu-item__title\"><div class=\"jet-mega-menu-item__label\">aktuelle Ausgabe<\/div><\/div><\/a><\/div><\/li>\n<li id=\"jet-mega-menu-item-248\" class=\"jet-mega-menu-item jet-mega-menu-item-type-post_type jet-mega-menu-item-object-page jet-mega-menu-item--default jet-mega-menu-item--top-level jet-mega-menu-item-248\"><div class=\"jet-mega-menu-item__inner\"><a href=\"https:\/\/hardegser-stadtgefluester.de\/?page_id=234\" class=\"jet-mega-menu-item__link jet-mega-menu-item__link--top-level\"><div class=\"jet-mega-menu-item__title\"><div class=\"jet-mega-menu-item__label\">Ausgaben 2019<\/div><\/div><\/a><\/div><\/li>\n<li id=\"jet-mega-menu-item-247\" class=\"jet-mega-menu-item jet-mega-menu-item-type-post_type jet-mega-menu-item-object-page jet-mega-menu-item--default jet-mega-menu-item--top-level jet-mega-menu-item-247\"><div class=\"jet-mega-menu-item__inner\"><a href=\"https:\/\/hardegser-stadtgefluester.de\/?page_id=236\" class=\"jet-mega-menu-item__link jet-mega-menu-item__link--top-level\"><div class=\"jet-mega-menu-item__title\"><div class=\"jet-mega-menu-item__label\">Ausgaben 2020<\/div><\/div><\/a><\/div><\/li>\n<li id=\"jet-mega-menu-item-246\" class=\"jet-mega-menu-item jet-mega-menu-item-type-post_type jet-mega-menu-item-object-page jet-mega-menu-item--default jet-mega-menu-item--top-level jet-mega-menu-item-246\"><div class=\"jet-mega-menu-item__inner\"><a href=\"https:\/\/hardegser-stadtgefluester.de\/?page_id=238\" class=\"jet-mega-menu-item__link jet-mega-menu-item__link--top-level\"><div class=\"jet-mega-menu-item__title\"><div class=\"jet-mega-menu-item__label\">Ausgaben 2021<\/div><\/div><\/a><\/div><\/li>\n<li id=\"jet-mega-menu-item-245\" class=\"jet-mega-menu-item jet-mega-menu-item-type-post_type jet-mega-menu-item-object-page jet-mega-menu-item--default jet-mega-menu-item--top-level jet-mega-menu-item-245\"><div class=\"jet-mega-menu-item__inner\"><a href=\"https:\/\/hardegser-stadtgefluester.de\/?page_id=240\" class=\"jet-mega-menu-item__link jet-mega-menu-item__link--top-level\"><div class=\"jet-mega-menu-item__title\"><div class=\"jet-mega-menu-item__label\">Ausgaben 2022<\/div><\/div><\/a><\/div><\/li>\n<li id=\"jet-mega-menu-item-244\" class=\"jet-mega-menu-item jet-mega-menu-item-type-post_type jet-mega-menu-item-object-page jet-mega-menu-item--default jet-mega-menu-item--top-level jet-mega-menu-item-244\"><div class=\"jet-mega-menu-item__inner\"><a href=\"https:\/\/hardegser-stadtgefluester.de\/?page_id=242\" class=\"jet-mega-menu-item__link jet-mega-menu-item__link--top-level\"><div class=\"jet-mega-menu-item__title\"><div class=\"jet-mega-menu-item__label\">Ausgaben 2023<\/div><\/div><\/a><\/div><\/li>\n<li id=\"jet-mega-menu-item-1232\" class=\"jet-mega-menu-item jet-mega-menu-item-type-post_type jet-mega-menu-item-object-page jet-mega-menu-item--default jet-mega-menu-item--top-level jet-mega-menu-item-1232\"><div class=\"jet-mega-menu-item__inner\"><a href=\"https:\/\/hardegser-stadtgefluester.de\/?page_id=912\" class=\"jet-mega-menu-item__link jet-mega-menu-item__link--top-level\"><div class=\"jet-mega-menu-item__title\"><div class=\"jet-mega-menu-item__label\">Ausgaben 2024<\/div><\/div><\/a><\/div><\/li>\n<li id=\"jet-mega-menu-item-1231\" class=\"jet-mega-menu-item jet-mega-menu-item-type-post_type jet-mega-menu-item-object-page jet-mega-menu-item--default jet-mega-menu-item--top-level jet-mega-menu-item-1231\"><div class=\"jet-mega-menu-item__inner\"><a href=\"https:\/\/hardegser-stadtgefluester.de\/?page_id=1216\" class=\"jet-mega-menu-item__link jet-mega-menu-item__link--top-level\"><div class=\"jet-mega-menu-item__title\"><div class=\"jet-mega-menu-item__label\">Ausgaben 2025<\/div><\/div><\/a><\/div><\/li>\n<li id=\"jet-mega-menu-item-1456\" class=\"jet-mega-menu-item jet-mega-menu-item-type-post_type jet-mega-menu-item-object-page jet-mega-menu-item--default jet-mega-menu-item--top-level jet-mega-menu-item-1456\"><div class=\"jet-mega-menu-item__inner\"><a href=\"https:\/\/hardegser-stadtgefluester.de\/?page_id=1443\" class=\"jet-mega-menu-item__link jet-mega-menu-item__link--top-level\"><div class=\"jet-mega-menu-item__title\"><div class=\"jet-mega-menu-item__label\">Ausgaben 2026<\/div><\/div><\/a><\/div><\/li>\n<\/ul><\/nav><\/div>\t\t\t\t<\/div>\n\t\t\t\t<\/div>\n\t\t\t\t\t<\/div>\n\t\t<\/div>\n\t\t\t\t\t<\/div>\n\t\t<\/section>\n\t\t\t\t<\/div>\n\t\t","protected":false},"excerpt":{"rendered":"<p>Herzlich Willkommen&#8230; &#8230;auf der Website des &#8222;Hardegser Stadtgefl\u00fcster&#8220;. Wir w\u00fcnschen Ihnen viel Spa\u00df beim St\u00f6bern in der aktuellen Ausgabe und in den Archivexemplaren. aktuelle Ausgabe Ausgaben 2019 Ausgaben 2020 Ausgaben 2021 Ausgaben 2022 Ausgaben 2023 Ausgaben 2024 Ausgaben 2025 Ausgaben 2026<\/p>\n","protected":false},"author":1,"featured_media":0,"parent":0,"menu_order":0,"comment_status":"closed","ping_status":"open","template":"","meta":{"footnotes":""},"class_list":["post-4","page","type-page","status-publish","hentry"],"yoast_head":"<!-- This site is optimized with the Yoast SEO plugin v27.4 - https:\/\/yoast.com\/product\/yoast-seo-wordpress\/ -->\n<title>Startseite -<\/title>\n<meta name=\"robots\" content=\"index, follow, max-snippet:-1, max-image-preview:large, max-video-preview:-1\" \/>\n<link rel=\"canonical\" href=\"https:\/\/hardegser-stadtgefluester.de\/\" \/>\n<meta property=\"og:locale\" content=\"de_DE\" \/>\n<meta property=\"og:type\" content=\"article\" \/>\n<meta property=\"og:title\" content=\"Startseite -\" \/>\n<meta property=\"og:description\" content=\"Herzlich Willkommen&#8230; &#8230;auf der Website des &#8222;Hardegser Stadtgefl\u00fcster&#8220;. Wir w\u00fcnschen Ihnen viel Spa\u00df beim St\u00f6bern in der aktuellen Ausgabe und in den Archivexemplaren. aktuelle Ausgabe Ausgaben 2019 Ausgaben 2020 Ausgaben 2021 Ausgaben 2022 Ausgaben 2023 Ausgaben 2024 Ausgaben 2025 Ausgaben 2026\" \/>\n<meta property=\"og:url\" content=\"https:\/\/hardegser-stadtgefluester.de\/\" \/>\n<meta property=\"article:modified_time\" content=\"2026-01-02T15:02:59+00:00\" \/>\n<meta property=\"og:image\" content=\"https:\/\/hardegser-stadtgefluester.de\/wp-content\/uploads\/2023\/10\/Titel-Stadtgefluester.png\" \/>\n<meta name=\"twitter:card\" content=\"summary_large_image\" \/>\n<meta name=\"twitter:label1\" content=\"Gesch\u00e4tzte Lesezeit\" \/>\n\t<meta name=\"twitter:data1\" content=\"1\u00a0Minute\" \/>\n<script type=\"application\/ld+json\" class=\"yoast-schema-graph\">{\"@context\":\"https:\\\/\\\/schema.org\",\"@graph\":[{\"@type\":\"WebPage\",\"@id\":\"https:\\\/\\\/hardegser-stadtgefluester.de\\\/\",\"url\":\"https:\\\/\\\/hardegser-stadtgefluester.de\\\/\",\"name\":\"Startseite -\",\"isPartOf\":{\"@id\":\"https:\\\/\\\/hardegser-stadtgefluester.de\\\/#website\"},\"primaryImageOfPage\":{\"@id\":\"https:\\\/\\\/hardegser-stadtgefluester.de\\\/#primaryimage\"},\"image\":{\"@id\":\"https:\\\/\\\/hardegser-stadtgefluester.de\\\/#primaryimage\"},\"thumbnailUrl\":\"https:\\\/\\\/hardegser-stadtgefluester.de\\\/wp-content\\\/uploads\\\/2023\\\/10\\\/Titel-Stadtgefluester.png\",\"datePublished\":\"2023-02-22T14:15:19+00:00\",\"dateModified\":\"2026-01-02T15:02:59+00:00\",\"breadcrumb\":{\"@id\":\"https:\\\/\\\/hardegser-stadtgefluester.de\\\/#breadcrumb\"},\"inLanguage\":\"de\",\"potentialAction\":[{\"@type\":\"ReadAction\",\"target\":[\"https:\\\/\\\/hardegser-stadtgefluester.de\\\/\"]}]},{\"@type\":\"ImageObject\",\"inLanguage\":\"de\",\"@id\":\"https:\\\/\\\/hardegser-stadtgefluester.de\\\/#primaryimage\",\"url\":\"https:\\\/\\\/hardegser-stadtgefluester.de\\\/wp-content\\\/uploads\\\/2023\\\/10\\\/Titel-Stadtgefluester.png\",\"contentUrl\":\"https:\\\/\\\/hardegser-stadtgefluester.de\\\/wp-content\\\/uploads\\\/2023\\\/10\\\/Titel-Stadtgefluester.png\",\"width\":2482,\"height\":745},{\"@type\":\"BreadcrumbList\",\"@id\":\"https:\\\/\\\/hardegser-stadtgefluester.de\\\/#breadcrumb\",\"itemListElement\":[{\"@type\":\"ListItem\",\"position\":1,\"name\":\"Start\",\"item\":\"https:\\\/\\\/hardegser-stadtgefluester.de\\\/\"},{\"@type\":\"ListItem\",\"position\":2,\"name\":\"Startseite\"}]},{\"@type\":\"WebSite\",\"@id\":\"https:\\\/\\\/hardegser-stadtgefluester.de\\\/#website\",\"url\":\"https:\\\/\\\/hardegser-stadtgefluester.de\\\/\",\"name\":\"Hardegser Stadtgefl\u00fcster\",\"description\":\"\",\"publisher\":{\"@id\":\"https:\\\/\\\/hardegser-stadtgefluester.de\\\/#organization\"},\"potentialAction\":[{\"@type\":\"SearchAction\",\"target\":{\"@type\":\"EntryPoint\",\"urlTemplate\":\"https:\\\/\\\/hardegser-stadtgefluester.de\\\/?s={search_term_string}\"},\"query-input\":{\"@type\":\"PropertyValueSpecification\",\"valueRequired\":true,\"valueName\":\"search_term_string\"}}],\"inLanguage\":\"de\"},{\"@type\":\"Organization\",\"@id\":\"https:\\\/\\\/hardegser-stadtgefluester.de\\\/#organization\",\"name\":\"text & design\",\"url\":\"https:\\\/\\\/hardegser-stadtgefluester.de\\\/\",\"logo\":{\"@type\":\"ImageObject\",\"inLanguage\":\"de\",\"@id\":\"https:\\\/\\\/hardegser-stadtgefluester.de\\\/#\\\/schema\\\/logo\\\/image\\\/\",\"url\":\"https:\\\/\\\/hardegser-stadtgefluester.de\\\/wp-content\\\/uploads\\\/2026\\\/01\\\/LOGO-Stadtgefluester.jpg\",\"contentUrl\":\"https:\\\/\\\/hardegser-stadtgefluester.de\\\/wp-content\\\/uploads\\\/2026\\\/01\\\/LOGO-Stadtgefluester.jpg\",\"width\":802,\"height\":161,\"caption\":\"text & design\"},\"image\":{\"@id\":\"https:\\\/\\\/hardegser-stadtgefluester.de\\\/#\\\/schema\\\/logo\\\/image\\\/\"}}]}<\/script>\n<!-- \/ Yoast SEO plugin. -->","yoast_head_json":{"title":"Startseite -","robots":{"index":"index","follow":"follow","max-snippet":"max-snippet:-1","max-image-preview":"max-image-preview:large","max-video-preview":"max-video-preview:-1"},"canonical":"https:\/\/hardegser-stadtgefluester.de\/","og_locale":"de_DE","og_type":"article","og_title":"Startseite -","og_description":"Herzlich Willkommen&#8230; &#8230;auf der Website des &#8222;Hardegser Stadtgefl\u00fcster&#8220;. Wir w\u00fcnschen Ihnen viel Spa\u00df beim St\u00f6bern in der aktuellen Ausgabe und in den Archivexemplaren. aktuelle Ausgabe Ausgaben 2019 Ausgaben 2020 Ausgaben 2021 Ausgaben 2022 Ausgaben 2023 Ausgaben 2024 Ausgaben 2025 Ausgaben 2026","og_url":"https:\/\/hardegser-stadtgefluester.de\/","article_modified_time":"2026-01-02T15:02:59+00:00","og_image":[{"url":"https:\/\/hardegser-stadtgefluester.de\/wp-content\/uploads\/2023\/10\/Titel-Stadtgefluester.png","type":"","width":"","height":""}],"twitter_card":"summary_large_image","twitter_misc":{"Gesch\u00e4tzte Lesezeit":"1\u00a0Minute"},"schema":{"@context":"https:\/\/schema.org","@graph":[{"@type":"WebPage","@id":"https:\/\/hardegser-stadtgefluester.de\/","url":"https:\/\/hardegser-stadtgefluester.de\/","name":"Startseite -","isPartOf":{"@id":"https:\/\/hardegser-stadtgefluester.de\/#website"},"primaryImageOfPage":{"@id":"https:\/\/hardegser-stadtgefluester.de\/#primaryimage"},"image":{"@id":"https:\/\/hardegser-stadtgefluester.de\/#primaryimage"},"thumbnailUrl":"https:\/\/hardegser-stadtgefluester.de\/wp-content\/uploads\/2023\/10\/Titel-Stadtgefluester.png","datePublished":"2023-02-22T14:15:19+00:00","dateModified":"2026-01-02T15:02:59+00:00","breadcrumb":{"@id":"https:\/\/hardegser-stadtgefluester.de\/#breadcrumb"},"inLanguage":"de","potentialAction":[{"@type":"ReadAction","target":["https:\/\/hardegser-stadtgefluester.de\/"]}]},{"@type":"ImageObject","inLanguage":"de","@id":"https:\/\/hardegser-stadtgefluester.de\/#primaryimage","url":"https:\/\/hardegser-stadtgefluester.de\/wp-content\/uploads\/2023\/10\/Titel-Stadtgefluester.png","contentUrl":"https:\/\/hardegser-stadtgefluester.de\/wp-content\/uploads\/2023\/10\/Titel-Stadtgefluester.png","width":2482,"height":745},{"@type":"BreadcrumbList","@id":"https:\/\/hardegser-stadtgefluester.de\/#breadcrumb","itemListElement":[{"@type":"ListItem","position":1,"name":"Start","item":"https:\/\/hardegser-stadtgefluester.de\/"},{"@type":"ListItem","position":2,"name":"Startseite"}]},{"@type":"WebSite","@id":"https:\/\/hardegser-stadtgefluester.de\/#website","url":"https:\/\/hardegser-stadtgefluester.de\/","name":"Hardegser Stadtgefl\u00fcster","description":"","publisher":{"@id":"https:\/\/hardegser-stadtgefluester.de\/#organization"},"potentialAction":[{"@type":"SearchAction","target":{"@type":"EntryPoint","urlTemplate":"https:\/\/hardegser-stadtgefluester.de\/?s={search_term_string}"},"query-input":{"@type":"PropertyValueSpecification","valueRequired":true,"valueName":"search_term_string"}}],"inLanguage":"de"},{"@type":"Organization","@id":"https:\/\/hardegser-stadtgefluester.de\/#organization","name":"text & design","url":"https:\/\/hardegser-stadtgefluester.de\/","logo":{"@type":"ImageObject","inLanguage":"de","@id":"https:\/\/hardegser-stadtgefluester.de\/#\/schema\/logo\/image\/","url":"https:\/\/hardegser-stadtgefluester.de\/wp-content\/uploads\/2026\/01\/LOGO-Stadtgefluester.jpg","contentUrl":"https:\/\/hardegser-stadtgefluester.de\/wp-content\/uploads\/2026\/01\/LOGO-Stadtgefluester.jpg","width":802,"height":161,"caption":"text & design"},"image":{"@id":"https:\/\/hardegser-stadtgefluester.de\/#\/schema\/logo\/image\/"}}]}},"_links":{"self":[{"href":"https:\/\/hardegser-stadtgefluester.de\/index.php?rest_route=\/wp\/v2\/pages\/4","targetHints":{"allow":["GET"]}}],"collection":[{"href":"https:\/\/hardegser-stadtgefluester.de\/index.php?rest_route=\/wp\/v2\/pages"}],"about":[{"href":"https:\/\/hardegser-stadtgefluester.de\/index.php?rest_route=\/wp\/v2\/types\/page"}],"author":[{"embeddable":true,"href":"https:\/\/hardegser-stadtgefluester.de\/index.php?rest_route=\/wp\/v2\/users\/1"}],"replies":[{"embeddable":true,"href":"https:\/\/hardegser-stadtgefluester.de\/index.php?rest_route=%2Fwp%2Fv2%2Fcomments&post=4"}],"version-history":[{"count":184,"href":"https:\/\/hardegser-stadtgefluester.de\/index.php?rest_route=\/wp\/v2\/pages\/4\/revisions"}],"predecessor-version":[{"id":1462,"href":"https:\/\/hardegser-stadtgefluester.de\/index.php?rest_route=\/wp\/v2\/pages\/4\/revisions\/1462"}],"wp:attachment":[{"href":"https:\/\/hardegser-stadtgefluester.de\/index.php?rest_route=%2Fwp%2Fv2%2Fmedia&parent=4"}],"curies":[{"name":"wp","href":"https:\/\/api.w.org\/{rel}","templated":true}]}}